{"id":2720,"date":"2020-07-06T13:34:36","date_gmt":"2020-07-06T12:34:36","guid":{"rendered":"http:\/\/morskidar.com\/za-nas\/"},"modified":"2021-06-15T17:14:16","modified_gmt":"2021-06-15T16:14:16","slug":"despre-noi","status":"publish","type":"page","link":"https:\/\/morskidar.com\/ro\/despre-noi\/","title":{"rendered":"Despre noi"},"content":{"rendered":"<!-- Breadcrumbs -->\n<section class=\"breadcrumbs-custom-inset\">\n  <div class=\"breadcrumbs-custom context-dark bg-overlay-60\">\n    <div class=\"container\">\n      <h2 class=\"breadcrumbs-custom-title\">Despre noi<\/h2>\n      <ul class=\"breadcrumbs-custom-path\">\n        <li><a href=\"https:\/\/morskidar.com\/ro\">\u00cenceput<\/a><\/li>\n        <li class=\"active\">Despre noi<\/li>\n      <\/ul>\n    <\/div>\n            <div class=\"box-position\" style=\"background-image: url(https:\/\/morskidar.com\/wp-content\/uploads\/2020\/06\/slider.png);\"><\/div>\n      <\/div>\n<\/section>\n\n\n<!-- Why choose us-->\n<section class=\"section section-sm section-first bg-default text-left\">\n  <div class=\"container\">\n    <div class=\"row row-50 justify-content-center align-items-xl-center\">\n      <div class=\"col-md-10 col-lg-5 col-xl-6\">\n          <img loading=\"lazy\" decoding=\"async\" src=\"https:\/\/morskidar.com\/wp-content\/uploads\/2020\/06\/DSC_0105.jpg\" alt=\"\" width=\"519\" height=\"564\"\/>\n      <\/div>\n      \n      \n      <div class=\"col-md-10 col-lg-7 col-xl-6\">\n                                                                <h1 class=\"text-spacing-25 font-weight-normal title-opacity-9\">Despre noi<\/h1>\n                                                                        <p>\n                          <h6><b>HOTEL \u201dMORSKI DAR\u201d Kranevo 2 stele<\/b><\/h6>\n<p class=\"p1\">Hotel-restaurant \u201eMorski dar\u201d este un hotel mic, confortabil, de familie. Situat la 600 de metri de plaj\u0103, \u00een partea central\u0103 a ora\u0219ului Kranevo.<\/p>\n<p class=\"p1\">Kranevo este cunoscut de mult timp ca satul cu condi\u021bii excelente pentru turismul maritim. O plimbare pl\u0103cut\u0103 v\u0103 va duce la o plaj\u0103 bine \u00eentre\u021binut\u0103 cu nisip fin \u0219i intrare treptat\u0103 \u00een mare, care este potrivit\u0103 \u00een special pentru vacan\u021bele cu copii. Kranevo se \u00eenvecineaz\u0103 cu Albena \u0219i Nisipurile de Aur, iar marea spal\u0103 larga lor f\u00e2\u0219ie comun\u0103 de plaj\u0103. Cele mai interesante locuri din apropiere sunt Gr\u0103dina Botanic\u0103 \u0219i Palatul din Balcic, Capul Kaliakra, M\u0103n\u0103stirea Aladzha, Aquapark Albena, Aquapark Nisipurile de Aur \u0219i Delfinariul din Varna. Hotel \u201eMorski dar\u201d are 14 camere duble \u0219i 6 camere triple \/cu posibilitate pentru paturi suplimentare\/, dotate cu:<\/p>\n                      <\/p>\n                                                <\/div>\n\n      <div class=\"col-md-10 col-lg-5 col-xl-12\">\n        <ul class=\"row-16 list-0 list-marked list-marked-md list-marked-primary list-custom-3\">\n          \n                      \n                   <li>TV LED<\/li>\n                   \n            \n                          \n                   <li>Aer condi\u021bionat<\/li>\n                   \n            \n                          \n                   <li>Internet<\/li>\n                   \n            \n                          \n                   <li>Seif<\/li>\n                   \n            \n                          \n                   <li>Frigider<\/li>\n                   \n            \n                          \n                   <li>Telefon<\/li>\n                   \n            \n                          \n                   <li>Baie privat\u0103<\/li>\n                   \n            \n                          \n                   <li>Mobilier confortabil<\/li>\n                   \n            \n                          \n                   <li>Izolare fonic\u0103 \u0219i termic\u0103 adecvat\u0103<\/li>\n                   \n            \n                      <\/ul>\n        \n          <p class=\"p1\">Toate camerele au propriile lor terase cu mas\u0103 \u0219i scaune. \u00cen curte exist\u0103 o gr\u0103din\u0103 \u0219i 2 foi\u0219oare unde oaspe\u021bii se pot odihni \u00een aer liber. Hotelul are \u0219i parcare gratuit\u0103. Hotelul are \u0219i restaurant propriu cu meniu variat (multe tipuri de pe\u0219te proasp\u0103t prins, buc\u0103t\u0103rie na\u021bional\u0103, supe, gr\u0103tar, pizza \u0219i multe altele).<\/p>\n<p class=\"p1\">Suntem \u00eenc\u00e2nta\u021bi s\u0103 subliniem faptul c\u0103 oaspe\u021bii no\u0219tri pleac\u0103 de la noi mul\u021bumi\u021bi de serviciile bune, condi\u021biile perfecte \u0219i pre\u021burile pe care le oferim aici.<\/p>\n<div style=\"text-align: right;\"><img loading=\"lazy\" decoding=\"async\" class=\"wp-image-1676 alignright\" src=\"http:\/\/morskidar.com\/wp-content\/uploads\/2020\/06\/logo-600x128.png\" alt=\"\" width=\"183\" height=\"39\" srcset=\"https:\/\/morskidar.com\/wp-content\/uploads\/2020\/06\/logo-600x128.png 600w, https:\/\/morskidar.com\/wp-content\/uploads\/2020\/06\/logo-1024x219.png 1024w, https:\/\/morskidar.com\/wp-content\/uploads\/2020\/06\/logo-768x164.png 768w, https:\/\/morskidar.com\/wp-content\/uploads\/2020\/06\/logo-1536x328.png 1536w, https:\/\/morskidar.com\/wp-content\/uploads\/2020\/06\/logo.png 1920w\" sizes=\"auto, (max-width: 183px) 100vw, 183px\" \/><\/div>\n      <\/div>\n    <\/div>\n  <\/div>\n<\/section>\n\n\n\n<!-- Why choose us?-->\n<section class=\"section section-xl bg-gray-4\">\n  <div class=\"container\">\n    <div class=\"heading-panel\">\n      <div class=\"heading-panel-left\">\n        <h1 class=\"oh-desktop heading-panel-title\"><span class=\"d-inline-block wow slideInLeft\">CONFORT<\/span><\/h1>\n        <h4 class=\"oh-desktop heading-panel-subtitle\"><span class=\"d-inline-block wow slideInDown\" data-wow-delay=\".2s\"> CE OFERIM<\/span><\/h4>\n      <\/div>\n      <div class=\"heading-panel-decor wow fadeIn\"><\/div>\n    <\/div>\n    <div class=\"row row-30\">\n              \n               <div class=\"col-sm-6 col-lg-4\">\n                 <article class=\"box-icon-classic box-icon-classic-3 wow fadeInDown\" data-wow-delay=\".2s\">\n                   <div class=\"unit box-icon-classic-body flex-column flex-md-row text-md-left flex-lg-column text-lg-center flex-xl-row text-xl-left\">\n                     <div class=\"unit-left\">\n                       <div class=\"box-icon-classic-icon linearicons-apartment\"><\/div>\n                     <\/div>\n                     <div class=\"unit-body\">\n                       <h5 class=\"box-icon-classic-title\"><a href=\"#\">Aer condi\u021bionat<\/a><\/h5>\n                       <p class=\"box-icon-classic-text\">\u041f\u0440\u0438\u043c\u0435\u0440\u043d\u0430 \u0443\u0441\u043b\u0443\u0433\u0430, \u043a\u043e\u044f\u0442\u043e \u043f\u0440\u0435\u0434\u043b\u0430\u0433\u0430\u043c\u0435 \u043d\u0430 \u043d\u0430\u0448\u0438\u0442\u0435 \u043a\u043b\u0438\u0435\u043d\u0442\u0438, \u043a\u043e\u0438\u0442\u043e \u0441\u0430 \u0440\u0435\u0437\u0435\u0440\u0432\u0438\u0440\u0430\u043b\u0438 \u0441\u0442\u0430\u044f.<\/p>\n                     <\/div>\n                   <\/div>\n                 <\/article>\n               <\/div>\n        \n                  \n               <div class=\"col-sm-6 col-lg-4\">\n                 <article class=\"box-icon-classic box-icon-classic-3 wow fadeInDown\" data-wow-delay=\".2s\">\n                   <div class=\"unit box-icon-classic-body flex-column flex-md-row text-md-left flex-lg-column text-lg-center flex-xl-row text-xl-left\">\n                     <div class=\"unit-left\">\n                       <div class=\"box-icon-classic-icon linearicons-platter\"><\/div>\n                     <\/div>\n                     <div class=\"unit-body\">\n                       <h5 class=\"box-icon-classic-title\"><a href=\"#\">LED TV<\/a><\/h5>\n                       <p class=\"box-icon-classic-text\">\u041f\u0440\u0438\u043c\u0435\u0440\u043d\u0430 \u0443\u0441\u043b\u0443\u0433\u0430, \u043a\u043e\u044f\u0442\u043e \u043f\u0440\u0435\u0434\u043b\u0430\u0433\u0430\u043c\u0435 \u043d\u0430 \u043d\u0430\u0448\u0438\u0442\u0435 \u043a\u043b\u0438\u0435\u043d\u0442\u0438, \u043a\u043e\u0438\u0442\u043e \u0441\u0430 \u0440\u0435\u0437\u0435\u0440\u0432\u0438\u0440\u0430\u043b\u0438 \u0441\u0442\u0430\u044f.<\/p>\n                     <\/div>\n                   <\/div>\n                 <\/article>\n               <\/div>\n        \n                  \n               <div class=\"col-sm-6 col-lg-4\">\n                 <article class=\"box-icon-classic box-icon-classic-3 wow fadeInDown\" data-wow-delay=\".2s\">\n                   <div class=\"unit box-icon-classic-body flex-column flex-md-row text-md-left flex-lg-column text-lg-center flex-xl-row text-xl-left\">\n                     <div class=\"unit-left\">\n                       <div class=\"box-icon-classic-icon linearicons-leaf\"><\/div>\n                     <\/div>\n                     <div class=\"unit-body\">\n                       <h5 class=\"box-icon-classic-title\"><a href=\"#\">Seif<\/a><\/h5>\n                       <p class=\"box-icon-classic-text\">\u041f\u0440\u0438\u043c\u0435\u0440\u043d\u0430 \u0443\u0441\u043b\u0443\u0433\u0430, \u043a\u043e\u044f\u0442\u043e \u043f\u0440\u0435\u0434\u043b\u0430\u0433\u0430\u043c\u0435 \u043d\u0430 \u043d\u0430\u0448\u0438\u0442\u0435 \u043a\u043b\u0438\u0435\u043d\u0442\u0438, \u043a\u043e\u0438\u0442\u043e \u0441\u0430 \u0440\u0435\u0437\u0435\u0440\u0432\u0438\u0440\u0430\u043b\u0438 \u0441\u0442\u0430\u044f.<\/p>\n                     <\/div>\n                   <\/div>\n                 <\/article>\n               <\/div>\n        \n                  \n               <div class=\"col-sm-6 col-lg-4\">\n                 <article class=\"box-icon-classic box-icon-classic-3 wow fadeInDown\" data-wow-delay=\".2s\">\n                   <div class=\"unit box-icon-classic-body flex-column flex-md-row text-md-left flex-lg-column text-lg-center flex-xl-row text-xl-left\">\n                     <div class=\"unit-left\">\n                       <div class=\"box-icon-classic-icon linearicons-user\"><\/div>\n                     <\/div>\n                     <div class=\"unit-body\">\n                       <h5 class=\"box-icon-classic-title\"><a href=\"#\">Internet<\/a><\/h5>\n                       <p class=\"box-icon-classic-text\">\u041f\u0440\u0438\u043c\u0435\u0440\u043d\u0430 \u0443\u0441\u043b\u0443\u0433\u0430, \u043a\u043e\u044f\u0442\u043e \u043f\u0440\u0435\u0434\u043b\u0430\u0433\u0430\u043c\u0435 \u043d\u0430 \u043d\u0430\u0448\u0438\u0442\u0435 \u043a\u043b\u0438\u0435\u043d\u0442\u0438, \u043a\u043e\u0438\u0442\u043e \u0441\u0430 \u0440\u0435\u0437\u0435\u0440\u0432\u0438\u0440\u0430\u043b\u0438 \u0441\u0442\u0430\u044f.<\/p>\n                     <\/div>\n                   <\/div>\n                 <\/article>\n               <\/div>\n        \n                  \n               <div class=\"col-sm-6 col-lg-4\">\n                 <article class=\"box-icon-classic box-icon-classic-3 wow fadeInDown\" data-wow-delay=\".2s\">\n                   <div class=\"unit box-icon-classic-body flex-column flex-md-row text-md-left flex-lg-column text-lg-center flex-xl-row text-xl-left\">\n                     <div class=\"unit-left\">\n                       <div class=\"box-icon-classic-icon linearicons-broom\"><\/div>\n                     <\/div>\n                     <div class=\"unit-body\">\n                       <h5 class=\"box-icon-classic-title\"><a href=\"#\">Terasa privata<\/a><\/h5>\n                       <p class=\"box-icon-classic-text\">\u041f\u0440\u0438\u043c\u0435\u0440\u043d\u0430 \u0443\u0441\u043b\u0443\u0433\u0430, \u043a\u043e\u044f\u0442\u043e \u043f\u0440\u0435\u0434\u043b\u0430\u0433\u0430\u043c\u0435 \u043d\u0430 \u043d\u0430\u0448\u0438\u0442\u0435 \u043a\u043b\u0438\u0435\u043d\u0442\u0438, \u043a\u043e\u0438\u0442\u043e \u0441\u0430 \u0440\u0435\u0437\u0435\u0440\u0432\u0438\u0440\u0430\u043b\u0438 \u0441\u0442\u0430\u044f.<\/p>\n                     <\/div>\n                   <\/div>\n                 <\/article>\n               <\/div>\n        \n                  \n               <div class=\"col-sm-6 col-lg-4\">\n                 <article class=\"box-icon-classic box-icon-classic-3 wow fadeInDown\" data-wow-delay=\".2s\">\n                   <div class=\"unit box-icon-classic-body flex-column flex-md-row text-md-left flex-lg-column text-lg-center flex-xl-row text-xl-left\">\n                     <div class=\"unit-left\">\n                       <div class=\"box-icon-classic-icon linearicons-star\"><\/div>\n                     <\/div>\n                     <div class=\"unit-body\">\n                       <h5 class=\"box-icon-classic-title\"><a href=\"#\">Parcare<\/a><\/h5>\n                       <p class=\"box-icon-classic-text\">\u041f\u0440\u0438\u043c\u0435\u0440\u043d\u0430 \u0443\u0441\u043b\u0443\u0433\u0430, \u043a\u043e\u044f\u0442\u043e \u043f\u0440\u0435\u0434\u043b\u0430\u0433\u0430\u043c\u0435 \u043d\u0430 \u043d\u0430\u0448\u0438\u0442\u0435 \u043a\u043b\u0438\u0435\u043d\u0442\u0438, \u043a\u043e\u0438\u0442\u043e \u0441\u0430 \u0440\u0435\u0437\u0435\u0440\u0432\u0438\u0440\u0430\u043b\u0438 \u0441\u0442\u0430\u044f.<\/p>\n                     <\/div>\n                   <\/div>\n                 <\/article>\n               <\/div>\n        \n              <\/div>\n  <\/div>\n<\/section>\n\n<!-- Counter Classic-->\n<section class=\"section bg-default\">\n  <div class=\"parallax-container\" data-parallax-img=\"https:\/\/morskidar.com\/wp-content\/uploads\/2021\/06\/bg-counter-2.jpeg\">\n    <div class=\"parallax-content section-xl context-dark bg-overlay-26\">\n      <div class=\"container\">\n        <div class=\"row row-50 justify-content-center border-classic\">\n          <div class=\"col-sm-6 col-md-5 col-lg-3\">\n            <div class=\"counter-classic\">\n              <div class=\"counter-classic-number\"><span class=\"counter\">20<\/span>\n              <\/div>\n              <h5 class=\"counter-classic-title\"> Camere grozave<\/h5>\n            <\/div>\n          <\/div>\n          <div class=\"col-sm-6 col-md-5 col-lg-3\">\n            <div class=\"counter-classic\">\n              <div class=\"counter-classic-number\"><span class=\"counter\">10<\/span>\n              <\/div>\n              <h5 class=\"counter-classic-title\">Specialist instruit<\/h5>\n            <\/div>\n          <\/div>\n          <div class=\"col-sm-6 col-md-5 col-lg-3\">\n            <div class=\"counter-classic\">\n              <div class=\"counter-classic-number\"><span class=\"counter\">20<\/span><span class=\"symbol\">k<\/span>\n              <\/div>\n              <h5 class=\"counter-classic-title\">Mii de clien\u021bi <\/h5>\n            <\/div>\n          <\/div>\n          <div class=\"col-sm-6 col-md-5 col-lg-3\">\n            <div class=\"counter-classic\">\n              <div class=\"counter-classic-number\"><span class=\"counter\">12<\/span>\n              <\/div>\n              <h5 class=\"counter-classic-title\">Camere VIP<\/h5>\n            <\/div>\n          <\/div>\n        <\/div>\n      <\/div>\n    <\/div>\n  <\/div>\n<\/section>\n\n<!-- What people say-->\n<section class=\"section section-xl bg-gray-4\">\n  <div class=\"container\">\n    <div class=\"heading-panel\">\n      <div class=\"heading-panel-left\">\n        <h1 class=\"oh-desktop heading-panel-title\"><span class=\"d-inline-block wow slideInLeft\">Opinii<\/span><\/h1>\n        <h4 class=\"oh-desktop heading-panel-subtitle\"><span class=\"d-inline-block wow slideInDown\" data-wow-delay=\".2s\">Ce spun clientii despre noi?<\/span><\/h4>\n      <\/div>\n      <div class=\"heading-panel-decor wow fadeIn\"><\/div>\n      <div class=\"oh-desktop\">\n        <div class=\"owl-custom-nav wow slideInUp\" id=\"owl-custom-nav-2\"><\/div>\n      <\/div>\n    <\/div>\n    <!-- Owl Carousel-->\n    <div class=\"owl-carousel owl-quote-2\" data-items=\"1\" data-md-items=\"2\" data-autoplay=\"true\" data-margin=\"30\" data-animation-in=\"fadeIn\" data-animation-out=\"fadeOut\" data-navigation-class=\"#owl-custom-nav-2\">\n              \n               <!-- Quote Modern-->\n               <article class=\"quote-modern quote-modern-2 quote-modern-custom\">\n                 <div class=\"unit unit-spacing-md align-items-center\">\n                   <div class=\"unit-left\">\n                      <a class=\"quote-modern-figure\" href=\"#\">\n                        <img loading=\"lazy\" decoding=\"async\" class=\"img-circles\" src=\"https:\/\/morskidar.com\/wp-content\/uploads\/2021\/06\/user-11-75x75-1.jpeg\" alt=\"\" width=\"75\" height=\"75\"\/>\n                      <\/a>\n                   <\/div>\n                   <div class=\"unit-body\">\n                     <h5 class=\"quote-modern-cite\"><a href=\"#\">Kalina Ivanova<\/a><\/h5>\n                     <p class=\"quote-modern-status\">Client<\/p>\n                   <\/div>\n                 <\/div>\n                 <div class=\"quote-modern-text\">\n                   <p class=\"q\">Totul a fost minunat \u2013 atitudine, receptivitate, mancare, liniste. Hotelul este aproape de plaja si dispune de un restaurant excelent.<\/p>\n                 <\/div>\n               <\/article>\n        \n                  \n               <!-- Quote Modern-->\n               <article class=\"quote-modern quote-modern-2 quote-modern-custom\">\n                 <div class=\"unit unit-spacing-md align-items-center\">\n                   <div class=\"unit-left\">\n                      <a class=\"quote-modern-figure\" href=\"#\">\n                        <img loading=\"lazy\" decoding=\"async\" class=\"img-circles\" src=\"https:\/\/morskidar.com\/wp-content\/uploads\/2021\/06\/user-12-75x75-1.jpeg\" alt=\"\" width=\"75\" height=\"75\"\/>\n                      <\/a>\n                   <\/div>\n                   <div class=\"unit-body\">\n                     <h5 class=\"quote-modern-cite\"><a href=\"#\">Rupert Wood<\/a><\/h5>\n                     <p class=\"quote-modern-status\">Client<\/p>\n                   <\/div>\n                 <\/div>\n                 <div class=\"quote-modern-text\">\n                   <p class=\"q\">Am petrecut un timp minunat la Resort Hotel. De la cazare la spa, masaj si room service, totul a fost minunat organizat si pus la dispozitie. Aceasta a fost cu siguranta cea mai buna experienta.<\/p>\n                 <\/div>\n               <\/article>\n        \n                  \n               <!-- Quote Modern-->\n               <article class=\"quote-modern quote-modern-2 quote-modern-custom\">\n                 <div class=\"unit unit-spacing-md align-items-center\">\n                   <div class=\"unit-left\">\n                      <a class=\"quote-modern-figure\" href=\"#\">\n                        <img loading=\"lazy\" decoding=\"async\" class=\"img-circles\" src=\"https:\/\/morskidar.com\/wp-content\/uploads\/2021\/06\/user-20-75x75-1.jpeg\" alt=\"\" width=\"75\" height=\"75\"\/>\n                      <\/a>\n                   <\/div>\n                   <div class=\"unit-body\">\n                     <h5 class=\"quote-modern-cite\"><a href=\"#\">Simona Georgieva<\/a><\/h5>\n                     <p class=\"quote-modern-status\">Client<\/p>\n                   <\/div>\n                 <\/div>\n                 <div class=\"quote-modern-text\">\n                   <p class=\"q\">Loc minunat. Hotelul este confortabil si racoros. Personalul este politicos, iar mancarea la restaurant a fost tot timpul proaspata si gustoasa.<\/p>\n                 <\/div>\n               <\/article>\n        \n              <\/div>\n  <\/div>\n<\/section>\n\n\n<p><\/p>\n","protected":false},"excerpt":{"rendered":"","protected":false},"author":1,"featured_media":0,"parent":0,"menu_order":0,"comment_status":"closed","ping_status":"closed","template":"test.php","meta":{"footnotes":""},"class_list":["post-2720","page","type-page","status-publish","hentry"],"_links":{"self":[{"href":"https:\/\/morskidar.com\/ro\/wp-json\/wp\/v2\/pages\/2720\/"}],"collection":[{"href":"https:\/\/morskidar.com\/ro\/wp-json\/wp\/v2\/pages\/"}],"about":[{"href":"https:\/\/morskidar.com\/ro\/wp-json\/wp\/v2\/types\/page\/"}],"author":[{"embeddable":true,"href":"https:\/\/morskidar.com\/ro\/wp-json\/wp\/v2\/users\/1\/"}],"replies":[{"embeddable":true,"href":"https:\/\/morskidar.com\/ro\/wp-json\/wp\/v2\/comments\/?post=2720"}],"version-history":[{"count":0,"href":"https:\/\/morskidar.com\/ro\/wp-json\/wp\/v2\/pages\/2720\/revisions\/"}],"wp:attachment":[{"href":"https:\/\/morskidar.com\/ro\/wp-json\/wp\/v2\/media\/?parent=2720"}],"curies":[{"name":"wp","href":"https:\/\/api.w.org\/{rel}","templated":true}]}}